{"id":34,"date":"2020-07-08T11:53:32","date_gmt":"2020-07-08T09:53:32","guid":{"rendered":"http:\/\/test.mercurysrl.com\/?page_id=34"},"modified":"2021-02-22T15:58:30","modified_gmt":"2021-02-22T14:58:30","slug":"about","status":"publish","type":"page","link":"https:\/\/mercurysrl.com\/de\/about\/","title":{"rendered":"Wer wir sind"},"content":{"rendered":"<div data-elementor-type=\"wp-page\" data-elementor-id=\"34\" class=\"elementor elementor-34\">\n\t\t\t\t\t\t<section class=\"elementor-section elementor-top-section elementor-element elementor-element-4e48296 elementor-section-height-min-height elementor-section-items-top elementor-section-boxed elementor-section-height-default\" data-id=\"4e48296\" data-element_type=\"section\" data-e-type=\"section\" data-settings=\"{&quot;background_background&quot;:&quot;classic&quot;}\">\n\t\t\t\t\t\t\t<div class=\"elementor-background-overlay\"><\/div>\n\t\t\t\t\t\t\t<div class=\"elementor-container elementor-column-gap-wide\">\n\t\t\t\t\t<div class=\"elementor-column elementor-col-100 elementor-top-column elementor-element elementor-element-d79b9a1\" data-id=\"d79b9a1\" data-element_type=\"column\" data-e-type=\"column\">\n\t\t\t<div class=\"elementor-widget-wrap elementor-element-populated\">\n\t\t\t\t\t\t<div class=\"elementor-element elementor-element-19c0810 elementor-widget elementor-widget-heading\" data-id=\"19c0810\" data-element_type=\"widget\" data-e-type=\"widget\" data-widget_type=\"heading.default\">\n\t\t\t\t<div class=\"elementor-widget-container\">\n\t\t\t\t\t<h2 class=\"elementor-heading-title elementor-size-xl\">Wer wir sind<\/h2>\t\t\t\t<\/div>\n\t\t\t\t<\/div>\n\t\t\t\t\t<\/div>\n\t\t<\/div>\n\t\t\t\t\t<\/div>\n\t\t<\/section>\n\t\t\t\t<section class=\"elementor-section elementor-top-section elementor-element elementor-element-f01f98f elementor-section-full_width elementor-section-height-default elementor-section-height-default\" data-id=\"f01f98f\" data-element_type=\"section\" data-e-type=\"section\">\n\t\t\t\t\t\t<div class=\"elementor-container elementor-column-gap-no\">\n\t\t\t\t\t<div class=\"elementor-column elementor-col-100 elementor-top-column elementor-element elementor-element-cdcfe2b\" data-id=\"cdcfe2b\" data-element_type=\"column\" data-e-type=\"column\">\n\t\t\t<div class=\"elementor-widget-wrap\">\n\t\t\t\t\t\t\t<\/div>\n\t\t<\/div>\n\t\t\t\t\t<\/div>\n\t\t<\/section>\n\t\t\t\t<section class=\"elementor-section elementor-top-section elementor-element elementor-element-806a5b2 elementor-section-boxed elementor-section-height-default elementor-section-height-default\" data-id=\"806a5b2\" data-element_type=\"section\" data-e-type=\"section\">\n\t\t\t\t\t\t<div class=\"elementor-container elementor-column-gap-default\">\n\t\t\t\t\t<div class=\"elementor-column elementor-col-50 elementor-top-column elementor-element elementor-element-d1ce0c4\" data-id=\"d1ce0c4\" data-element_type=\"column\" data-e-type=\"column\">\n\t\t\t<div class=\"elementor-widget-wrap elementor-element-populated\">\n\t\t\t\t\t\t<div class=\"elementor-element elementor-element-4cb3cfa elementor-widget elementor-widget-image\" data-id=\"4cb3cfa\" data-element_type=\"widget\" data-e-type=\"widget\" data-widget_type=\"image.default\">\n\t\t\t\t<div class=\"elementor-widget-container\">\n\t\t\t\t\t\t\t\t\t\t\t\t\t\t\t<img fetchpriority=\"high\" decoding=\"async\" width=\"1024\" height=\"517\" src=\"https:\/\/mercurysrl.com\/wp-content\/uploads\/2020\/07\/pag-web-01-FOTO-FONDO-01-scaled-e1609685904905-1024x517.jpg\" class=\"attachment-large size-large wp-image-65\" alt=\"\" srcset=\"https:\/\/mercurysrl.com\/wp-content\/uploads\/2020\/07\/pag-web-01-FOTO-FONDO-01-scaled-e1609685904905-1024x517.jpg 1024w, https:\/\/mercurysrl.com\/wp-content\/uploads\/2020\/07\/pag-web-01-FOTO-FONDO-01-scaled-e1609685904905-300x151.jpg 300w, https:\/\/mercurysrl.com\/wp-content\/uploads\/2020\/07\/pag-web-01-FOTO-FONDO-01-scaled-e1609685904905-768x388.jpg 768w, https:\/\/mercurysrl.com\/wp-content\/uploads\/2020\/07\/pag-web-01-FOTO-FONDO-01-scaled-e1609685904905-1536x775.jpg 1536w, https:\/\/mercurysrl.com\/wp-content\/uploads\/2020\/07\/pag-web-01-FOTO-FONDO-01-scaled-e1609685904905-2048x1034.jpg 2048w\" sizes=\"(max-width: 1024px) 100vw, 1024px\" \/>\t\t\t\t\t\t\t\t\t\t\t\t\t\t\t<\/div>\n\t\t\t\t<\/div>\n\t\t\t\t<div class=\"elementor-element elementor-element-2af6714 elementor-widget elementor-widget-spacer\" data-id=\"2af6714\" data-element_type=\"widget\" data-e-type=\"widget\" data-widget_type=\"spacer.default\">\n\t\t\t\t<div class=\"elementor-widget-container\">\n\t\t\t\t\t\t\t<div class=\"elementor-spacer\">\n\t\t\t<div class=\"elementor-spacer-inner\"><\/div>\n\t\t<\/div>\n\t\t\t\t\t\t<\/div>\n\t\t\t\t<\/div>\n\t\t\t\t<div class=\"elementor-element elementor-element-d26d33c elementor-widget elementor-widget-image\" data-id=\"d26d33c\" data-element_type=\"widget\" data-e-type=\"widget\" data-widget_type=\"image.default\">\n\t\t\t\t<div class=\"elementor-widget-container\">\n\t\t\t\t\t\t\t\t\t\t\t\t\t\t\t<img decoding=\"async\" width=\"1024\" height=\"576\" src=\"https:\/\/mercurysrl.com\/wp-content\/uploads\/2020\/07\/Mercury-foto-capannone-1024x576.jpg\" class=\"attachment-large size-large wp-image-632\" alt=\"\" srcset=\"https:\/\/mercurysrl.com\/wp-content\/uploads\/2020\/07\/Mercury-foto-capannone-1024x576.jpg 1024w, https:\/\/mercurysrl.com\/wp-content\/uploads\/2020\/07\/Mercury-foto-capannone-300x169.jpg 300w, https:\/\/mercurysrl.com\/wp-content\/uploads\/2020\/07\/Mercury-foto-capannone-768x432.jpg 768w, https:\/\/mercurysrl.com\/wp-content\/uploads\/2020\/07\/Mercury-foto-capannone-1536x864.jpg 1536w, https:\/\/mercurysrl.com\/wp-content\/uploads\/2020\/07\/Mercury-foto-capannone.jpg 2016w\" sizes=\"(max-width: 1024px) 100vw, 1024px\" \/>\t\t\t\t\t\t\t\t\t\t\t\t\t\t\t<\/div>\n\t\t\t\t<\/div>\n\t\t\t\t<div class=\"elementor-element elementor-element-b29e451 elementor-widget elementor-widget-spacer\" data-id=\"b29e451\" data-element_type=\"widget\" data-e-type=\"widget\" data-widget_type=\"spacer.default\">\n\t\t\t\t<div class=\"elementor-widget-container\">\n\t\t\t\t\t\t\t<div class=\"elementor-spacer\">\n\t\t\t<div class=\"elementor-spacer-inner\"><\/div>\n\t\t<\/div>\n\t\t\t\t\t\t<\/div>\n\t\t\t\t<\/div>\n\t\t\t\t<div class=\"elementor-element elementor-element-fad20ab elementor-widget elementor-widget-image\" data-id=\"fad20ab\" data-element_type=\"widget\" data-e-type=\"widget\" data-widget_type=\"image.default\">\n\t\t\t\t<div class=\"elementor-widget-container\">\n\t\t\t\t\t\t\t\t\t\t\t\t\t\t\t<img decoding=\"async\" width=\"1024\" height=\"547\" src=\"https:\/\/mercurysrl.com\/wp-content\/uploads\/2020\/07\/Mercury-foto-capannona-A-1024x547.jpg\" class=\"attachment-large size-large wp-image-633\" alt=\"\" srcset=\"https:\/\/mercurysrl.com\/wp-content\/uploads\/2020\/07\/Mercury-foto-capannona-A-1024x547.jpg 1024w, https:\/\/mercurysrl.com\/wp-content\/uploads\/2020\/07\/Mercury-foto-capannona-A-300x160.jpg 300w, https:\/\/mercurysrl.com\/wp-content\/uploads\/2020\/07\/Mercury-foto-capannona-A-768x410.jpg 768w, https:\/\/mercurysrl.com\/wp-content\/uploads\/2020\/07\/Mercury-foto-capannona-A-1536x820.jpg 1536w, https:\/\/mercurysrl.com\/wp-content\/uploads\/2020\/07\/Mercury-foto-capannona-A.jpg 2016w\" sizes=\"(max-width: 1024px) 100vw, 1024px\" \/>\t\t\t\t\t\t\t\t\t\t\t\t\t\t\t<\/div>\n\t\t\t\t<\/div>\n\t\t\t\t\t<\/div>\n\t\t<\/div>\n\t\t\t\t<div class=\"elementor-column elementor-col-50 elementor-top-column elementor-element elementor-element-c505b69\" data-id=\"c505b69\" data-element_type=\"column\" data-e-type=\"column\">\n\t\t\t<div class=\"elementor-widget-wrap elementor-element-populated\">\n\t\t\t\t\t\t<div class=\"elementor-element elementor-element-285e969 elementor-widget elementor-widget-text-editor\" data-id=\"285e969\" data-element_type=\"widget\" data-e-type=\"widget\" data-widget_type=\"text-editor.default\">\n\t\t\t\t<div class=\"elementor-widget-container\">\n\t\t\t\t\t\t\t\t\t<p><strong>Mercury S.R.L. ist ein Unternehmen, das Artikel f\u00fcr das Gastst\u00e4ttengewerbe herstellt.<\/strong><\/p>\t\t\t\t\t\t\t\t<\/div>\n\t\t\t\t<\/div>\n\t\t\t\t<div class=\"elementor-element elementor-element-34dd8eb elementor-widget elementor-widget-text-editor\" data-id=\"34dd8eb\" data-element_type=\"widget\" data-e-type=\"widget\" data-widget_type=\"text-editor.default\">\n\t\t\t\t<div class=\"elementor-widget-container\">\n\t\t\t\t\t\t\t\t\t<p><span style=\"font-family: Arial, serif;\"><span style=\"font-size: medium;\"><span lang=\"en-GB\">Das 1989 gegr\u00fcndete Unternehmen hat in diesen 30 Jahren seine Produktion diversifiziert, sodass es Kompetenz und Professionalit\u00e4t im Bereich des Zubeh\u00f6rs f\u00fcr Industrie\u00f6fen erworben hat.<\/span><\/span><\/span><\/p><p><span style=\"font-family: Arial, serif;\"><span style=\"font-size: medium;\"><span lang=\"en-GB\">Das Kerngesch\u00e4ft des Unternehmens ist die Herstellung und der Verkauf von Gastronorm-Blechen aus verglastem Stahl f\u00fcr den Lebensmittelbereich.<\/span><\/span><\/span><\/p><p><span style=\"font-family: Arial, serif;\"><span style=\"font-size: medium;\"><span lang=\"en-GB\">Dieses Produkt ist gem\u00e4\u00df der geltenden europ\u00e4ischen Norm UNI EN ISO 4531\/2018 zertifiziert.<\/span><\/span><\/span><\/p><p><span style=\"font-family: Arial, serif;\"><span style=\"font-size: medium;\"><span lang=\"en-GB\">Die Produktpalette umfasst bearbeitete, gebogene und geschwei\u00dfte Bleche mit 90\u00b0-Winkeln mit eckiger Form und tiefgezogene Bleche mit abgerundeter Form.<\/span><\/span><\/span><\/p><p><span style=\"font-family: Arial, serif;\"><span style=\"font-size: medium;\"><span lang=\"en-GB\">Eine besondere Art der Verglasung wird bei den gebogenen Blechen angewandt, indem ein wei\u00dfes Granulat auf die dunkle, mit Lebensmitteln in Kontakt stehende Oberfl\u00e4che, die aus vielen wei\u00dfen Punkten besteht, aufgetragen wird. Bei dieser speziellen Verglasung bleibt der Schmutz unregelm\u00e4\u00dfig haften, was die Reinigung erheblich erleichtert. Dieses eckig geformte Blech wird in verschiedenen Abmessungen und H\u00f6hen hergestellt (siehe <\/span><\/span><\/span><a href=\"https:\/\/mercurysrl.com\/de\/products\/\"><span style=\"font-family: Arial, serif;\"><span style=\"font-size: medium;\"><span lang=\"en-GB\"><u>Produkte<\/u><\/span><\/span><\/span><\/a><span style=\"font-family: Arial, serif;\"><span style=\"font-size: medium;\"><span lang=\"en-GB\">).<\/span><\/span><\/span><\/p><p><span style=\"font-family: Arial, serif;\"><span style=\"font-size: medium;\"><span lang=\"en-GB\">Das tiefgezogene Blech hingegen hat eine abgerundete Form, die in einer einzigen Gr\u00f6\u00dfe, aber in verschiedenen H\u00f6hen hergestellt wird (siehe\u00a0 <\/span><\/span><\/span><a href=\"https:\/\/mercurysrl.com\/de\/products\/\"><span style=\"font-family: Arial, serif;\"><span style=\"font-size: medium;\"><span lang=\"en-GB\"><u>Produkte<\/u><\/span><\/span><\/span><\/a><span style=\"font-family: Arial, serif;\"><span style=\"font-size: medium;\"><span lang=\"en-GB\">). Die Modelle sind in einem schwarzen Farbton mit dichten, kleinen wei\u00dfen Punkten verglast, die eine dunkelgraue Farbe annehmen.<\/span><\/span><\/span><\/p>\t\t\t\t\t\t\t\t<\/div>\n\t\t\t\t<\/div>\n\t\t\t\t\t<\/div>\n\t\t<\/div>\n\t\t\t\t\t<\/div>\n\t\t<\/section>\n\t\t\t\t<section class=\"elementor-section elementor-top-section elementor-element elementor-element-2cd5b35 elementor-section-boxed elementor-section-height-default elementor-section-height-default\" data-id=\"2cd5b35\" data-element_type=\"section\" data-e-type=\"section\">\n\t\t\t\t\t\t<div class=\"elementor-container elementor-column-gap-default\">\n\t\t\t\t\t<div class=\"elementor-column elementor-col-50 elementor-top-column elementor-element elementor-element-0b0c029\" data-id=\"0b0c029\" data-element_type=\"column\" data-e-type=\"column\">\n\t\t\t<div class=\"elementor-widget-wrap elementor-element-populated\">\n\t\t\t\t\t\t<div class=\"elementor-element elementor-element-d4e6046 elementor-widget elementor-widget-google_maps\" data-id=\"d4e6046\" data-element_type=\"widget\" data-e-type=\"widget\" data-widget_type=\"google_maps.default\">\n\t\t\t\t<div class=\"elementor-widget-container\">\n\t\t\t\t\t\t\t<div class=\"elementor-custom-embed\">\n\t\t\t<iframe loading=\"lazy\"\n\t\t\t\t\tsrc=\"https:\/\/maps.google.com\/maps?q=Mercury%20S.R.L.%20Via%20galileo%20Galilei%2067%20Mareno%20di%20Piave%2C%20Treviso%2031010%20Italia&#038;t=m&#038;z=5&#038;output=embed&#038;iwloc=near\"\n\t\t\t\t\ttitle=\"Mercury S.R.L. Via galileo Galilei 67 Mareno di Piave, Treviso 31010 Italia\"\n\t\t\t\t\taria-label=\"Mercury S.R.L. Via galileo Galilei 67 Mareno di Piave, Treviso 31010 Italia\"\n\t\t\t><\/iframe>\n\t\t<\/div>\n\t\t\t\t\t\t<\/div>\n\t\t\t\t<\/div>\n\t\t\t\t\t<\/div>\n\t\t<\/div>\n\t\t\t\t<div class=\"elementor-column elementor-col-50 elementor-top-column elementor-element elementor-element-2946fe4\" data-id=\"2946fe4\" data-element_type=\"column\" data-e-type=\"column\">\n\t\t\t<div class=\"elementor-widget-wrap elementor-element-populated\">\n\t\t\t\t\t\t<div class=\"elementor-element elementor-element-eadc839 elementor-widget elementor-widget-heading\" data-id=\"eadc839\" data-element_type=\"widget\" data-e-type=\"widget\" id=\"privacy_policy\" data-widget_type=\"heading.default\">\n\t\t\t\t<div class=\"elementor-widget-container\">\n\t\t\t\t\t<h2 class=\"elementor-heading-title elementor-size-xl\">Privacy Policy<\/h2>\t\t\t\t<\/div>\n\t\t\t\t<\/div>\n\t\t\t\t<div class=\"elementor-element elementor-element-35952e0 elementor-widget elementor-widget-text-editor\" data-id=\"35952e0\" data-element_type=\"widget\" data-e-type=\"widget\" data-widget_type=\"text-editor.default\">\n\t\t\t\t<div class=\"elementor-widget-container\">\n\t\t\t\t\t\t\t\t\t<p><a href=\"https:\/\/mercurysrl.com\/wp-content\/uploads\/2021\/02\/Mercury-S.R.L.-Privacy-Policy-ENG.pdf\" target=\"_blank\" rel=\"noopener\">Privacy Policy ENG<\/a><br \/><a href=\"https:\/\/mercurysrl.com\/wp-content\/uploads\/2021\/02\/Mercury-S.R.L.-Privacy-Policy-ITA.pdf\" target=\"_blank\" rel=\"noopener\">Privacy Policy ITA<\/a><br \/><a href=\"https:\/\/mercurysrl.com\/wp-content\/uploads\/2021\/02\/Mercury-S.R.L.-Data-Access-Request-ITA.pdf\" target=\"_blank\" rel=\"noopener\">Data Access Request ITA<\/a><br \/><a href=\"https:\/\/mercurysrl.com\/wp-content\/uploads\/2021\/02\/Mercury-S.R.L.-Data-Withdrawal-Request-ITA.pdf\" target=\"_blank\" rel=\"noopener\">Data Withdrawal Request ITA<\/a><\/p>\t\t\t\t\t\t\t\t<\/div>\n\t\t\t\t<\/div>\n\t\t\t\t\t<\/div>\n\t\t<\/div>\n\t\t\t\t\t<\/div>\n\t\t<\/section>\n\t\t\t\t<section class=\"elementor-section elementor-top-section elementor-element elementor-element-987078c elementor-section-full_width elementor-section-height-default elementor-section-height-default\" data-id=\"987078c\" data-element_type=\"section\" data-e-type=\"section\">\n\t\t\t\t\t\t<div class=\"elementor-container elementor-column-gap-default\">\n\t\t\t\t\t<div class=\"elementor-column elementor-col-100 elementor-top-column elementor-element elementor-element-128bee2\" data-id=\"128bee2\" data-element_type=\"column\" data-e-type=\"column\">\n\t\t\t<div class=\"elementor-widget-wrap elementor-element-populated\">\n\t\t\t\t\t\t<div class=\"elementor-element elementor-element-35f06e4 elementor-widget elementor-widget-spacer\" data-id=\"35f06e4\" data-element_type=\"widget\" data-e-type=\"widget\" data-widget_type=\"spacer.default\">\n\t\t\t\t<div class=\"elementor-widget-container\">\n\t\t\t\t\t\t\t<div class=\"elementor-spacer\">\n\t\t\t<div class=\"elementor-spacer-inner\"><\/div>\n\t\t<\/div>\n\t\t\t\t\t\t<\/div>\n\t\t\t\t<\/div>\n\t\t\t\t\t<\/div>\n\t\t<\/div>\n\t\t\t\t\t<\/div>\n\t\t<\/section>\n\t\t\t\t<\/div>","protected":false},"excerpt":{"rendered":"<p>About us Mercury S.R.L. manufactures accessories for food service companies. Founded in 1989, over the past 30 years the company has expanded and diversified its production, gaining expertise and professionalism in the manufacturing of accessories for industrial ovens. The company\u2019s core business is now the manufacturing and sale of Gastronorm trays and pans in vitrified&hellip;&nbsp;<a href=\"https:\/\/mercurysrl.com\/de\/about\/\" rel=\"bookmark\">Weiterlesen &raquo;<span class=\"screen-reader-text\">Wer wir sind<\/span><\/a><\/p>","protected":false},"author":1,"featured_media":0,"parent":0,"menu_order":0,"comment_status":"closed","ping_status":"closed","template":"elementor_header_footer","meta":{"neve_meta_sidebar":"","neve_meta_container":"","neve_meta_enable_content_width":"off","neve_meta_content_width":0,"neve_meta_title_alignment":"","neve_meta_author_avatar":"","neve_post_elements_order":"","neve_meta_disable_header":"","neve_meta_disable_footer":"","neve_meta_disable_title":"","footnotes":""},"categories":[],"tags":[],"class_list":["post-34","page","type-page","status-publish","hentry"],"_links":{"self":[{"href":"https:\/\/mercurysrl.com\/de\/wp-json\/wp\/v2\/pages\/34","targetHints":{"allow":["GET"]}}],"collection":[{"href":"https:\/\/mercurysrl.com\/de\/wp-json\/wp\/v2\/pages"}],"about":[{"href":"https:\/\/mercurysrl.com\/de\/wp-json\/wp\/v2\/types\/page"}],"author":[{"embeddable":true,"href":"https:\/\/mercurysrl.com\/de\/wp-json\/wp\/v2\/users\/1"}],"replies":[{"embeddable":true,"href":"https:\/\/mercurysrl.com\/de\/wp-json\/wp\/v2\/comments?post=34"}],"version-history":[{"count":49,"href":"https:\/\/mercurysrl.com\/de\/wp-json\/wp\/v2\/pages\/34\/revisions"}],"predecessor-version":[{"id":1286,"href":"https:\/\/mercurysrl.com\/de\/wp-json\/wp\/v2\/pages\/34\/revisions\/1286"}],"wp:attachment":[{"href":"https:\/\/mercurysrl.com\/de\/wp-json\/wp\/v2\/media?parent=34"}],"wp:term":[{"taxonomy":"category","embeddable":true,"href":"https:\/\/mercurysrl.com\/de\/wp-json\/wp\/v2\/categories?post=34"},{"taxonomy":"post_tag","embeddable":true,"href":"https:\/\/mercurysrl.com\/de\/wp-json\/wp\/v2\/tags?post=34"}],"curies":[{"name":"wp","href":"https:\/\/api.w.org\/{rel}","templated":true}]}}