{"id":34,"date":"2020-07-08T11:53:32","date_gmt":"2020-07-08T09:53:32","guid":{"rendered":"http:\/\/test.mercurysrl.com\/?page_id=34"},"modified":"2021-02-22T15:58:30","modified_gmt":"2021-02-22T14:58:30","slug":"about","status":"publish","type":"page","link":"https:\/\/mercurysrl.com\/fr\/about\/","title":{"rendered":"Qui nous sommes"},"content":{"rendered":"<div data-elementor-type=\"wp-page\" data-elementor-id=\"34\" class=\"elementor elementor-34\">\n\t\t\t\t\t\t<section class=\"elementor-section elementor-top-section elementor-element elementor-element-4e48296 elementor-section-height-min-height elementor-section-items-top elementor-section-boxed elementor-section-height-default\" data-id=\"4e48296\" data-element_type=\"section\" data-e-type=\"section\" data-settings=\"{&quot;background_background&quot;:&quot;classic&quot;}\">\n\t\t\t\t\t\t\t<div class=\"elementor-background-overlay\"><\/div>\n\t\t\t\t\t\t\t<div class=\"elementor-container elementor-column-gap-wide\">\n\t\t\t\t\t<div class=\"elementor-column elementor-col-100 elementor-top-column elementor-element elementor-element-d79b9a1\" data-id=\"d79b9a1\" data-element_type=\"column\" data-e-type=\"column\">\n\t\t\t<div class=\"elementor-widget-wrap elementor-element-populated\">\n\t\t\t\t\t\t<div class=\"elementor-element elementor-element-19c0810 elementor-widget elementor-widget-heading\" data-id=\"19c0810\" data-element_type=\"widget\" data-e-type=\"widget\" data-widget_type=\"heading.default\">\n\t\t\t\t<div class=\"elementor-widget-container\">\n\t\t\t\t\t<h2 class=\"elementor-heading-title elementor-size-xl\">Qui nous sommes<\/h2>\t\t\t\t<\/div>\n\t\t\t\t<\/div>\n\t\t\t\t\t<\/div>\n\t\t<\/div>\n\t\t\t\t\t<\/div>\n\t\t<\/section>\n\t\t\t\t<section class=\"elementor-section elementor-top-section elementor-element elementor-element-f01f98f elementor-section-full_width elementor-section-height-default elementor-section-height-default\" data-id=\"f01f98f\" data-element_type=\"section\" data-e-type=\"section\">\n\t\t\t\t\t\t<div class=\"elementor-container elementor-column-gap-no\">\n\t\t\t\t\t<div class=\"elementor-column elementor-col-100 elementor-top-column elementor-element elementor-element-cdcfe2b\" data-id=\"cdcfe2b\" data-element_type=\"column\" data-e-type=\"column\">\n\t\t\t<div class=\"elementor-widget-wrap\">\n\t\t\t\t\t\t\t<\/div>\n\t\t<\/div>\n\t\t\t\t\t<\/div>\n\t\t<\/section>\n\t\t\t\t<section class=\"elementor-section elementor-top-section elementor-element elementor-element-806a5b2 elementor-section-boxed elementor-section-height-default elementor-section-height-default\" data-id=\"806a5b2\" data-element_type=\"section\" data-e-type=\"section\">\n\t\t\t\t\t\t<div class=\"elementor-container elementor-column-gap-default\">\n\t\t\t\t\t<div class=\"elementor-column elementor-col-50 elementor-top-column elementor-element elementor-element-d1ce0c4\" data-id=\"d1ce0c4\" data-element_type=\"column\" data-e-type=\"column\">\n\t\t\t<div class=\"elementor-widget-wrap elementor-element-populated\">\n\t\t\t\t\t\t<div class=\"elementor-element elementor-element-4cb3cfa elementor-widget elementor-widget-image\" data-id=\"4cb3cfa\" data-element_type=\"widget\" data-e-type=\"widget\" data-widget_type=\"image.default\">\n\t\t\t\t<div class=\"elementor-widget-container\">\n\t\t\t\t\t\t\t\t\t\t\t\t\t\t\t<img fetchpriority=\"high\" decoding=\"async\" width=\"1024\" height=\"517\" src=\"https:\/\/mercurysrl.com\/wp-content\/uploads\/2020\/07\/pag-web-01-FOTO-FONDO-01-scaled-e1609685904905-1024x517.jpg\" class=\"attachment-large size-large wp-image-65\" alt=\"\" srcset=\"https:\/\/mercurysrl.com\/wp-content\/uploads\/2020\/07\/pag-web-01-FOTO-FONDO-01-scaled-e1609685904905-1024x517.jpg 1024w, https:\/\/mercurysrl.com\/wp-content\/uploads\/2020\/07\/pag-web-01-FOTO-FONDO-01-scaled-e1609685904905-300x151.jpg 300w, https:\/\/mercurysrl.com\/wp-content\/uploads\/2020\/07\/pag-web-01-FOTO-FONDO-01-scaled-e1609685904905-768x388.jpg 768w, https:\/\/mercurysrl.com\/wp-content\/uploads\/2020\/07\/pag-web-01-FOTO-FONDO-01-scaled-e1609685904905-1536x775.jpg 1536w, https:\/\/mercurysrl.com\/wp-content\/uploads\/2020\/07\/pag-web-01-FOTO-FONDO-01-scaled-e1609685904905-2048x1034.jpg 2048w\" sizes=\"(max-width: 1024px) 100vw, 1024px\" \/>\t\t\t\t\t\t\t\t\t\t\t\t\t\t\t<\/div>\n\t\t\t\t<\/div>\n\t\t\t\t<div class=\"elementor-element elementor-element-2af6714 elementor-widget elementor-widget-spacer\" data-id=\"2af6714\" data-element_type=\"widget\" data-e-type=\"widget\" data-widget_type=\"spacer.default\">\n\t\t\t\t<div class=\"elementor-widget-container\">\n\t\t\t\t\t\t\t<div class=\"elementor-spacer\">\n\t\t\t<div class=\"elementor-spacer-inner\"><\/div>\n\t\t<\/div>\n\t\t\t\t\t\t<\/div>\n\t\t\t\t<\/div>\n\t\t\t\t<div class=\"elementor-element elementor-element-d26d33c elementor-widget elementor-widget-image\" data-id=\"d26d33c\" data-element_type=\"widget\" data-e-type=\"widget\" data-widget_type=\"image.default\">\n\t\t\t\t<div class=\"elementor-widget-container\">\n\t\t\t\t\t\t\t\t\t\t\t\t\t\t\t<img decoding=\"async\" width=\"1024\" height=\"576\" src=\"https:\/\/mercurysrl.com\/wp-content\/uploads\/2020\/07\/Mercury-foto-capannone-1024x576.jpg\" class=\"attachment-large size-large wp-image-632\" alt=\"\" srcset=\"https:\/\/mercurysrl.com\/wp-content\/uploads\/2020\/07\/Mercury-foto-capannone-1024x576.jpg 1024w, https:\/\/mercurysrl.com\/wp-content\/uploads\/2020\/07\/Mercury-foto-capannone-300x169.jpg 300w, https:\/\/mercurysrl.com\/wp-content\/uploads\/2020\/07\/Mercury-foto-capannone-768x432.jpg 768w, https:\/\/mercurysrl.com\/wp-content\/uploads\/2020\/07\/Mercury-foto-capannone-1536x864.jpg 1536w, https:\/\/mercurysrl.com\/wp-content\/uploads\/2020\/07\/Mercury-foto-capannone.jpg 2016w\" sizes=\"(max-width: 1024px) 100vw, 1024px\" \/>\t\t\t\t\t\t\t\t\t\t\t\t\t\t\t<\/div>\n\t\t\t\t<\/div>\n\t\t\t\t<div class=\"elementor-element elementor-element-b29e451 elementor-widget elementor-widget-spacer\" data-id=\"b29e451\" data-element_type=\"widget\" data-e-type=\"widget\" data-widget_type=\"spacer.default\">\n\t\t\t\t<div class=\"elementor-widget-container\">\n\t\t\t\t\t\t\t<div class=\"elementor-spacer\">\n\t\t\t<div class=\"elementor-spacer-inner\"><\/div>\n\t\t<\/div>\n\t\t\t\t\t\t<\/div>\n\t\t\t\t<\/div>\n\t\t\t\t<div class=\"elementor-element elementor-element-fad20ab elementor-widget elementor-widget-image\" data-id=\"fad20ab\" data-element_type=\"widget\" data-e-type=\"widget\" data-widget_type=\"image.default\">\n\t\t\t\t<div class=\"elementor-widget-container\">\n\t\t\t\t\t\t\t\t\t\t\t\t\t\t\t<img decoding=\"async\" width=\"1024\" height=\"547\" src=\"https:\/\/mercurysrl.com\/wp-content\/uploads\/2020\/07\/Mercury-foto-capannona-A-1024x547.jpg\" class=\"attachment-large size-large wp-image-633\" alt=\"\" srcset=\"https:\/\/mercurysrl.com\/wp-content\/uploads\/2020\/07\/Mercury-foto-capannona-A-1024x547.jpg 1024w, https:\/\/mercurysrl.com\/wp-content\/uploads\/2020\/07\/Mercury-foto-capannona-A-300x160.jpg 300w, https:\/\/mercurysrl.com\/wp-content\/uploads\/2020\/07\/Mercury-foto-capannona-A-768x410.jpg 768w, https:\/\/mercurysrl.com\/wp-content\/uploads\/2020\/07\/Mercury-foto-capannona-A-1536x820.jpg 1536w, https:\/\/mercurysrl.com\/wp-content\/uploads\/2020\/07\/Mercury-foto-capannona-A.jpg 2016w\" sizes=\"(max-width: 1024px) 100vw, 1024px\" \/>\t\t\t\t\t\t\t\t\t\t\t\t\t\t\t<\/div>\n\t\t\t\t<\/div>\n\t\t\t\t\t<\/div>\n\t\t<\/div>\n\t\t\t\t<div class=\"elementor-column elementor-col-50 elementor-top-column elementor-element elementor-element-c505b69\" data-id=\"c505b69\" data-element_type=\"column\" data-e-type=\"column\">\n\t\t\t<div class=\"elementor-widget-wrap elementor-element-populated\">\n\t\t\t\t\t\t<div class=\"elementor-element elementor-element-285e969 elementor-widget elementor-widget-text-editor\" data-id=\"285e969\" data-element_type=\"widget\" data-e-type=\"widget\" data-widget_type=\"text-editor.default\">\n\t\t\t\t<div class=\"elementor-widget-container\">\n\t\t\t\t\t\t\t\t\t<p><strong>Mercury S.R.L. est une entreprise qui produit des articles pour le secteur de la restauration commerciale.<\/strong><\/p>\t\t\t\t\t\t\t\t<\/div>\n\t\t\t\t<\/div>\n\t\t\t\t<div class=\"elementor-element elementor-element-34dd8eb elementor-widget elementor-widget-text-editor\" data-id=\"34dd8eb\" data-element_type=\"widget\" data-e-type=\"widget\" data-widget_type=\"text-editor.default\">\n\t\t\t\t<div class=\"elementor-widget-container\">\n\t\t\t\t\t\t\t\t\t<p><span style=\"font-family: Arial, serif;\"><span style=\"font-size: medium;\"><span lang=\"en-GB\">Cr\u00e9\u00e9e en 1989, au cours de ces 30 ann\u00e9es, l'entreprise a diversifi\u00e9 sa production jusqu'\u00e0 acqu\u00e9rir une comp\u00e9tence et un professionnalisme dans le secteur des accessoires pour les fours industriels.<\/span><\/span><\/span><\/p><p><span style=\"font-family: Arial, serif;\"><span style=\"font-size: medium;\"><span lang=\"en-GB\">L'activit\u00e9 principale de la soci\u00e9t\u00e9 est donc devenue la production et la vente de plats en acier vitrifi\u00e9 Gastronorm destin\u00e9s \u00e0 l'alimentation.<\/span><\/span><\/span><\/p><p><span style=\"font-family: Arial, serif;\"><span style=\"font-size: medium;\"><span lang=\"en-GB\">Ce produit est certifi\u00e9 selon la norme europ\u00e9enne en vigueur UNI EN ISO 4531\/2018.<\/span><\/span><\/span><\/p><p><span style=\"font-family: Arial, serif;\"><span style=\"font-size: medium;\"><span lang=\"en-GB\">Le produit est diff\u00e9renci\u00e9 entre des plats \u00e0 four trait\u00e9s, pli\u00e9s et soud\u00e9s \u00e0 angle de 90\u00b0 de forme angulaire, et des plats de forme arrondie obtenus par estampage.<\/span><\/span><\/span><\/p><p><span style=\"font-family: Arial, serif;\"><span style=\"font-size: medium;\"><span lang=\"en-GB\">Un type particulier de vitrification est appliqu\u00e9 sur les plats pli\u00e9s en pla\u00e7ant - sur la surface sombre en contact avec les aliments - une grenaille blanche constitu\u00e9e de nombreux points blancs espac\u00e9s. Gr\u00e2ce \u00e0 cette vitrification particuli\u00e8re, la salet\u00e9 colle de fa\u00e7on discontinue et cela facilite grandement le nettoyage. Ce plat \u00e0 four de forme angulaire est produit en diff\u00e9rentes tailles et hauteurs (voir <\/span><\/span><\/span><a href=\"https:\/\/mercurysrl.com\/fr\/products\/\"><span style=\"font-family: Arial, serif;\"><span style=\"font-size: medium;\"><span lang=\"en-GB\"><u>Produits<\/u><\/span><\/span><\/span><\/a><span style=\"font-family: Arial, serif;\"><span style=\"font-size: medium;\"><span lang=\"en-GB\">).<\/span><\/span><\/span><\/p><p><span style=\"font-family: Arial, serif;\"><span style=\"font-size: medium;\"><span lang=\"en-GB\">Par contre, le plat fa\u00e7onn\u00e9 par estampage a une forme arrondie, il est produit dans une seule taille mais avec des hauteurs diff\u00e9rentes (voir <\/span><\/span><\/span><a href=\"https:\/\/mercurysrl.com\/fr\/products\/\"><span style=\"font-family: Arial, serif;\"><span style=\"font-size: medium;\"><span lang=\"en-GB\"><u>Produits<\/u><\/span><\/span><\/span><\/a><span style=\"font-family: Arial, serif;\"><span style=\"font-size: medium;\"><span lang=\"en-GB\">). Ces mod\u00e8les sont vitrifi\u00e9s de couleur noir avec des petits points blancs serr\u00e9s qui prennent une couleur gris fonc\u00e9.<\/span><\/span><\/span><\/p>\t\t\t\t\t\t\t\t<\/div>\n\t\t\t\t<\/div>\n\t\t\t\t\t<\/div>\n\t\t<\/div>\n\t\t\t\t\t<\/div>\n\t\t<\/section>\n\t\t\t\t<section class=\"elementor-section elementor-top-section elementor-element elementor-element-2cd5b35 elementor-section-boxed elementor-section-height-default elementor-section-height-default\" data-id=\"2cd5b35\" data-element_type=\"section\" data-e-type=\"section\">\n\t\t\t\t\t\t<div class=\"elementor-container elementor-column-gap-default\">\n\t\t\t\t\t<div class=\"elementor-column elementor-col-50 elementor-top-column elementor-element elementor-element-0b0c029\" data-id=\"0b0c029\" data-element_type=\"column\" data-e-type=\"column\">\n\t\t\t<div class=\"elementor-widget-wrap elementor-element-populated\">\n\t\t\t\t\t\t<div class=\"elementor-element elementor-element-d4e6046 elementor-widget elementor-widget-google_maps\" data-id=\"d4e6046\" data-element_type=\"widget\" data-e-type=\"widget\" data-widget_type=\"google_maps.default\">\n\t\t\t\t<div class=\"elementor-widget-container\">\n\t\t\t\t\t\t\t<div class=\"elementor-custom-embed\">\n\t\t\t<iframe loading=\"lazy\"\n\t\t\t\t\tsrc=\"https:\/\/maps.google.com\/maps?q=Mercury%20S.R.L.%20Via%20galileo%20Galilei%2067%20Mareno%20di%20Piave%2C%20Treviso%2031010%20Italia&#038;t=m&#038;z=5&#038;output=embed&#038;iwloc=near\"\n\t\t\t\t\ttitle=\"Mercury S.R.L. Via galileo Galilei 67 Mareno di Piave, Treviso 31010 Italia\"\n\t\t\t\t\taria-label=\"Mercury S.R.L. Via galileo Galilei 67 Mareno di Piave, Treviso 31010 Italia\"\n\t\t\t><\/iframe>\n\t\t<\/div>\n\t\t\t\t\t\t<\/div>\n\t\t\t\t<\/div>\n\t\t\t\t\t<\/div>\n\t\t<\/div>\n\t\t\t\t<div class=\"elementor-column elementor-col-50 elementor-top-column elementor-element elementor-element-2946fe4\" data-id=\"2946fe4\" data-element_type=\"column\" data-e-type=\"column\">\n\t\t\t<div class=\"elementor-widget-wrap elementor-element-populated\">\n\t\t\t\t\t\t<div class=\"elementor-element elementor-element-eadc839 elementor-widget elementor-widget-heading\" data-id=\"eadc839\" data-element_type=\"widget\" data-e-type=\"widget\" id=\"privacy_policy\" data-widget_type=\"heading.default\">\n\t\t\t\t<div class=\"elementor-widget-container\">\n\t\t\t\t\t<h2 class=\"elementor-heading-title elementor-size-xl\">Privacy Policy<\/h2>\t\t\t\t<\/div>\n\t\t\t\t<\/div>\n\t\t\t\t<div class=\"elementor-element elementor-element-35952e0 elementor-widget elementor-widget-text-editor\" data-id=\"35952e0\" data-element_type=\"widget\" data-e-type=\"widget\" data-widget_type=\"text-editor.default\">\n\t\t\t\t<div class=\"elementor-widget-container\">\n\t\t\t\t\t\t\t\t\t<p><a href=\"https:\/\/mercurysrl.com\/wp-content\/uploads\/2021\/02\/Mercury-S.R.L.-Privacy-Policy-ENG.pdf\" target=\"_blank\" rel=\"noopener\">Privacy Policy ENG<\/a><br \/><a href=\"https:\/\/mercurysrl.com\/wp-content\/uploads\/2021\/02\/Mercury-S.R.L.-Privacy-Policy-ITA.pdf\" target=\"_blank\" rel=\"noopener\">Privacy Policy ITA<\/a><br \/><a href=\"https:\/\/mercurysrl.com\/wp-content\/uploads\/2021\/02\/Mercury-S.R.L.-Data-Access-Request-ITA.pdf\" target=\"_blank\" rel=\"noopener\">Data Access Request ITA<\/a><br \/><a href=\"https:\/\/mercurysrl.com\/wp-content\/uploads\/2021\/02\/Mercury-S.R.L.-Data-Withdrawal-Request-ITA.pdf\" target=\"_blank\" rel=\"noopener\">Data Withdrawal Request ITA<\/a><\/p>\t\t\t\t\t\t\t\t<\/div>\n\t\t\t\t<\/div>\n\t\t\t\t\t<\/div>\n\t\t<\/div>\n\t\t\t\t\t<\/div>\n\t\t<\/section>\n\t\t\t\t<section class=\"elementor-section elementor-top-section elementor-element elementor-element-987078c elementor-section-full_width elementor-section-height-default elementor-section-height-default\" data-id=\"987078c\" data-element_type=\"section\" data-e-type=\"section\">\n\t\t\t\t\t\t<div class=\"elementor-container elementor-column-gap-default\">\n\t\t\t\t\t<div class=\"elementor-column elementor-col-100 elementor-top-column elementor-element elementor-element-128bee2\" data-id=\"128bee2\" data-element_type=\"column\" data-e-type=\"column\">\n\t\t\t<div class=\"elementor-widget-wrap elementor-element-populated\">\n\t\t\t\t\t\t<div class=\"elementor-element elementor-element-35f06e4 elementor-widget elementor-widget-spacer\" data-id=\"35f06e4\" data-element_type=\"widget\" data-e-type=\"widget\" data-widget_type=\"spacer.default\">\n\t\t\t\t<div class=\"elementor-widget-container\">\n\t\t\t\t\t\t\t<div class=\"elementor-spacer\">\n\t\t\t<div class=\"elementor-spacer-inner\"><\/div>\n\t\t<\/div>\n\t\t\t\t\t\t<\/div>\n\t\t\t\t<\/div>\n\t\t\t\t\t<\/div>\n\t\t<\/div>\n\t\t\t\t\t<\/div>\n\t\t<\/section>\n\t\t\t\t<\/div>","protected":false},"excerpt":{"rendered":"<p>About us Mercury S.R.L. manufactures accessories for food service companies. Founded in 1989, over the past 30 years the company has expanded and diversified its production, gaining expertise and professionalism in the manufacturing of accessories for industrial ovens. The company\u2019s core business is now the manufacturing and sale of Gastronorm trays and pans in vitrified&hellip;&nbsp;<a href=\"https:\/\/mercurysrl.com\/fr\/about\/\" rel=\"bookmark\">Lire la suite &raquo;<span class=\"screen-reader-text\">Qui nous sommes<\/span><\/a><\/p>","protected":false},"author":1,"featured_media":0,"parent":0,"menu_order":0,"comment_status":"closed","ping_status":"closed","template":"elementor_header_footer","meta":{"neve_meta_sidebar":"","neve_meta_container":"","neve_meta_enable_content_width":"off","neve_meta_content_width":0,"neve_meta_title_alignment":"","neve_meta_author_avatar":"","neve_post_elements_order":"","neve_meta_disable_header":"","neve_meta_disable_footer":"","neve_meta_disable_title":"","footnotes":""},"categories":[],"tags":[],"class_list":["post-34","page","type-page","status-publish","hentry"],"_links":{"self":[{"href":"https:\/\/mercurysrl.com\/fr\/wp-json\/wp\/v2\/pages\/34","targetHints":{"allow":["GET"]}}],"collection":[{"href":"https:\/\/mercurysrl.com\/fr\/wp-json\/wp\/v2\/pages"}],"about":[{"href":"https:\/\/mercurysrl.com\/fr\/wp-json\/wp\/v2\/types\/page"}],"author":[{"embeddable":true,"href":"https:\/\/mercurysrl.com\/fr\/wp-json\/wp\/v2\/users\/1"}],"replies":[{"embeddable":true,"href":"https:\/\/mercurysrl.com\/fr\/wp-json\/wp\/v2\/comments?post=34"}],"version-history":[{"count":49,"href":"https:\/\/mercurysrl.com\/fr\/wp-json\/wp\/v2\/pages\/34\/revisions"}],"predecessor-version":[{"id":1286,"href":"https:\/\/mercurysrl.com\/fr\/wp-json\/wp\/v2\/pages\/34\/revisions\/1286"}],"wp:attachment":[{"href":"https:\/\/mercurysrl.com\/fr\/wp-json\/wp\/v2\/media?parent=34"}],"wp:term":[{"taxonomy":"category","embeddable":true,"href":"https:\/\/mercurysrl.com\/fr\/wp-json\/wp\/v2\/categories?post=34"},{"taxonomy":"post_tag","embeddable":true,"href":"https:\/\/mercurysrl.com\/fr\/wp-json\/wp\/v2\/tags?post=34"}],"curies":[{"name":"wp","href":"https:\/\/api.w.org\/{rel}","templated":true}]}}